{"id":94,"date":"2023-10-20T09:09:25","date_gmt":"2023-10-20T09:09:25","guid":{"rendered":"https:\/\/relaunch.insevis.de\/generated-homepage\/"},"modified":"2026-03-25T14:10:57","modified_gmt":"2026-03-25T14:10:57","slug":"startseite","status":"publish","type":"page","link":"https:\/\/www.insevis.de\/en\/","title":{"rendered":"Home page"},"content":{"rendered":"<h2 style=\"text-align: center;\">News &amp; Dates<\/h2>\n\n<h2 style=\"text-align: center;\">INSEVIS products: expanding and simplifying the S7 world<\/h2>\n<p style=\"text-align: center;\">Our S7 product families are proof of how well innovative system solutions and German quality work can be combined with a competitive price. Modesty, knowledge and respect for our customers&#039; requirements have made us a responsible S7 system provider.<\/p>\n<p style=\"text-align: center;\"><\/p>\n<p style=\"text-align: center;\">With INSEVIS products, you increase the value of your application and secure your market access without having to question your profitability. This improves your performance in your market segment and secures your success \u2013 sustainably.<\/p>\n\n<h2 style=\"text-align: center;\">Service<\/h2>\n<p style=\"text-align: center;\">For INSEVIS, service is a lived attitude - not just a word. No waiting times, but qualified help right from the start. There is no better feedback for our developers than customer reactions. The functions are described in detail in manuals with example programs. Demo programs and videos are also available for you to download here. All examples have been extensively tested and documented. This means that every programmer can start immediately with the INSEVIS module in their familiar S7 programming environment and significantly reduce the effort required to create the application programs.<\/p>\n<p><a href=\"https:\/\/www.insevis.de\/en\/downloads\/\"><\/a><\/p>\n<h3>Downloads<\/h3>\n<p style=\"\">Documented example programs for various functions and interfaces.<\/p>\n<p>Demo visualizations, S7 libraries, everything for a successful start with INSEVIS.<\/p>\n<p><a href=\"https:\/\/www.youtube.com\/channel\/UCoIrGn_3Fo8GI7gw6cN2n5w\/featured\" rel=\"nofollow noopener\" target=\"_blank\"><\/a><\/p>\n<h3>Explanatory videos&nbsp;<\/h3>\n<p style=\"\">The INSEVIS YouTube channel contains many playlists with extensive explanatory videos about devices and functions.<\/p>\n<h2 style=\"text-align: center;\">Quality \u2013 Made in Germany<\/h2>\n<p style=\"\">Uncompromising quality and maximum customer benefit in every detail are the highest standards at INSEVIS, which shape the thinking and actions of the entire group of companies.<\/p>\n<p style=\"\">Short supply chains, German manufacturing and flexibility down to the last chip \u2013 the result is <strong>DELIVERY ABILITY<\/strong> and thus <strong>RELIABILITY<\/strong> on their control system suppliers. Hardly any supplier has demonstrated this as clearly as INSEVIS during the Corona and semiconductor crisis. Not an INSEVIS customer yet? Then it&#039;s time to expand your supplier structure to include a reliable 2nd source.<\/p>\n<p><a href=\"https:\/\/www.insevis.de\/wp-content\/uploads\/Multi-Site-Zertifikat-2024.pdf\" target=\"_blank\"><\/a><\/p>\n<h3>Quality guidelines<\/h3>\n<p style=\"\">INSEVIS products are designed and made in Germany. That is both an honor and an obligation. Certified according to DIN EN ISO 9001:2015. 13 times in a row without deviation.<\/p>\n<h3>100%-Test<\/h3>\n<p style=\"\">INSEVIS controllers are assembled in the ordered customer-specific configuration and tested to 100% and can be installed immediately by the customer.<\/p>\n<p style=\"\"><\/p>","protected":false},"excerpt":{"rendered":"<p>News &amp; Termine INSEVIS-Produkte: Erweiterung und Vereinfachung der S7-Welt Unsere S7-Produktfamilien sind der Beweis, wie gut sich innovative Systeml\u00f6sungen und deutsche Qualit\u00e4tsarbeit mit einem marktf\u00e4higen Preis vereinbaren l\u00e4sst. Bescheidenheit, Wissen und Respekt vor den Anforderungen unserer Kunden haben uns zu einem verantwortungsbewussten S7-Systemanbieter werden lassen. Mit INSEVIS-Produkten steigern Sie den Wert Ihrer Anwendung und sichern [&hellip;]<\/p>\n","protected":false},"author":5,"featured_media":0,"parent":0,"menu_order":0,"comment_status":"closed","ping_status":"closed","template":"","meta":{"footnotes":""},"class_list":["post-94","page","type-page","status-publish","hentry","post-wrapper","thrv_wrapper"],"_links":{"self":[{"href":"https:\/\/www.insevis.de\/en\/wp-json\/wp\/v2\/pages\/94","targetHints":{"allow":["GET"]}}],"collection":[{"href":"https:\/\/www.insevis.de\/en\/wp-json\/wp\/v2\/pages"}],"about":[{"href":"https:\/\/www.insevis.de\/en\/wp-json\/wp\/v2\/types\/page"}],"author":[{"embeddable":true,"href":"https:\/\/www.insevis.de\/en\/wp-json\/wp\/v2\/users\/5"}],"replies":[{"embeddable":true,"href":"https:\/\/www.insevis.de\/en\/wp-json\/wp\/v2\/comments?post=94"}],"version-history":[{"count":10,"href":"https:\/\/www.insevis.de\/en\/wp-json\/wp\/v2\/pages\/94\/revisions"}],"predecessor-version":[{"id":3716,"href":"https:\/\/www.insevis.de\/en\/wp-json\/wp\/v2\/pages\/94\/revisions\/3716"}],"wp:attachment":[{"href":"https:\/\/www.insevis.de\/en\/wp-json\/wp\/v2\/media?parent=94"}],"curies":[{"name":"wp","href":"https:\/\/api.w.org\/{rel}","templated":true}]}}