{"id":282,"date":"2024-01-11T12:56:55","date_gmt":"2024-01-11T12:56:55","guid":{"rendered":"https:\/\/relaunch.insevis.de\/?page_id=282"},"modified":"2025-07-25T07:03:09","modified_gmt":"2025-07-25T07:03:09","slug":"iiot-produkte","status":"publish","type":"page","link":"https:\/\/www.insevis.de\/en\/iiot-produkte\/","title":{"rendered":"IIoT products"},"content":{"rendered":"<h2 style=\"text-align: center;\">IIoT products<\/h2>\n<h3 style=\"\">Industry 4.0 \u2013 compliant IIoT gateways<\/h3>\n<p>Everyone has their own opinion on the subject, but sooner or later it becomes a real challenge for everyone. With its S7 IIoT gateways, INSEVIS also stands for the most modern methods in accordance with RAMI4.0. Experienced programmers recognize familiar structures when importing S7 variables. Output of the data points as OPC UA server and MQTT client (Pub\/Sub). The IIoT gateways include user management, encryption including certificate handling and openVPN. At the same time, completely new solutions are available with NodeRED. Over time, new products with new solutions are being added to this latest INSEVIS product family.<\/p>\n<h2 style=\"text-align: center;\">Applications with INSEVIS EDGE devices<\/h2>\n\n<h2 style=\"text-align: center;\">Downloads for this product group<\/h2>\n<p><a href=\"https:\/\/www.insevis.de\/wp-content\/uploads\/Manual_Gateway_D.pdf\" target=\"_blank\"><\/a><\/p>\n<p style=\"\">IIoT Devices Manual<\/p>\n<p><a href=\"https:\/\/www.insevis.de\/en\/anfrage\/\" target=\"_blank\"><\/a><\/p>\n<p style=\"\">My request (link to other page)<\/p>\n<p><a href=\"https:\/\/www.insevis.de\/wp-content\/uploads\/Gateway_Demo_V03.4.zip\" target=\"_blank\"><\/a><\/p>\n<p style=\"\">Demo IIoT devices<\/p>\n<h2 style=\"text-align: center;\">Downloads for this product group<\/h2>\n<p><a href=\"https:\/\/www.insevis.de\/wp-content\/uploads\/Manual_Gateway_E.pdf\" target=\"_blank\"><\/a><\/p>\n<p style=\"\">IIoT Devices Manual<\/p>\n<p><a href=\"https:\/\/www.insevis.de\/en\/anfrage\/\" target=\"_blank\"><\/a><\/p>\n<p style=\"\">My request (link to other page)<\/p>\n<p><a href=\"https:\/\/www.insevis.de\/wp-content\/uploads\/Gateway_Demo_V03.4.zip\" target=\"_blank\"><\/a><\/p>\n<p style=\"\">Demo IIoT devices<\/p>\n<p><span>Insert Content Template or Symbol<\/span><\/p>","protected":false},"excerpt":{"rendered":"<p>IIoT-Produkte Industrie 4.0 \u2013 konforme IIoT-Gateways Jeder hat zu dem Thema eine eigene Meinung aber fr\u00fcher oder sp\u00e4ter wird es f\u00fcr jeden eine reale Herausforderung. INSEVIS steht mit seinen S7- IIoT-Gateways auch hier f\u00fcr modernste Methoden gem\u00e4\u00df RAMI4.0. Erfahrene Programmierer erkennen liebgewonnene Strukturen bei dem Import von S7-Variablen wieder. Ausgabe der Datenpunkte als OPC UA-Server [&hellip;]<\/p>\n","protected":false},"author":5,"featured_media":0,"parent":0,"menu_order":0,"comment_status":"closed","ping_status":"closed","template":"","meta":{"footnotes":""},"class_list":["post-282","page","type-page","status-publish","hentry","post-wrapper","thrv_wrapper"],"_links":{"self":[{"href":"https:\/\/www.insevis.de\/en\/wp-json\/wp\/v2\/pages\/282","targetHints":{"allow":["GET"]}}],"collection":[{"href":"https:\/\/www.insevis.de\/en\/wp-json\/wp\/v2\/pages"}],"about":[{"href":"https:\/\/www.insevis.de\/en\/wp-json\/wp\/v2\/types\/page"}],"author":[{"embeddable":true,"href":"https:\/\/www.insevis.de\/en\/wp-json\/wp\/v2\/users\/5"}],"replies":[{"embeddable":true,"href":"https:\/\/www.insevis.de\/en\/wp-json\/wp\/v2\/comments?post=282"}],"version-history":[{"count":10,"href":"https:\/\/www.insevis.de\/en\/wp-json\/wp\/v2\/pages\/282\/revisions"}],"predecessor-version":[{"id":3435,"href":"https:\/\/www.insevis.de\/en\/wp-json\/wp\/v2\/pages\/282\/revisions\/3435"}],"wp:attachment":[{"href":"https:\/\/www.insevis.de\/en\/wp-json\/wp\/v2\/media?parent=282"}],"curies":[{"name":"wp","href":"https:\/\/api.w.org\/{rel}","templated":true}]}}