{"id":168,"date":"2023-11-08T06:12:19","date_gmt":"2023-11-08T06:12:19","guid":{"rendered":"https:\/\/relaunch.insevis.de\/?page_id=168"},"modified":"2026-03-19T07:56:35","modified_gmt":"2026-03-19T07:56:35","slug":"software","status":"publish","type":"page","link":"https:\/\/www.insevis.de\/en\/software\/","title":{"rendered":"Software"},"content":{"rendered":"<h2 style=\"text-align: center;\">Product family Software<\/h2>\n<h3 style=\"\">S7 software tools from INSEVIS \u2013 Implement complex tasks easily<\/h3>\n<p>The simple is the hardest. Our S7 software solves complex requirements in an ingeniously simple way. If you want to find your way around your project straight away, even after months of assembly, use INSEVIS. With a wide range of functions but a small program size. Whether as a drag&#039;n&#039;drop configurator or extensive visualization, whether as a multi-instance remote access tool or a useful service tool with the ultimate know-how protection. Useful, free. Our engineers maintain the software and keep adding new functions - at no additional cost. Because there are enough independent minds at INSEVIS itself, there is also a free remote visualization solution not only for INSEVIS PLCs, but for all Ethernet-capable S7 PLCs.<\/p>\n<h2 style=\"text-align: center;\">Applications with INSEVIS software<\/h2>\n\n<h2 style=\"text-align: center;\">Downloads for this product group<\/h2>\n<p><a href=\"https:\/\/www.insevis.de\/wp-content\/uploads\/Manual_Software_D.pdf\" target=\"_blank\"><\/a><\/p>\n<p style=\"\">Software manual<\/p>\n<p><a href=\"https:\/\/www.insevis.de\/en\/anfrage\/\" target=\"_blank\"><\/a><\/p>\n<p style=\"\">My request<\/p>\n<h2 style=\"text-align: center;\">Downloads for this product group<\/h2>\n<p><a href=\"https:\/\/www.insevis.de\/wp-content\/uploads\/Manual_Software_E.pdf\" target=\"_blank\"><\/a><\/p>\n<p style=\"\">Software manual<\/p>\n<p><a href=\"https:\/\/www.insevis.de\/en\/anfrage\/\" target=\"_blank\"><\/a><\/p>\n<p style=\"\">My request<\/p>","protected":false},"excerpt":{"rendered":"<p>Produktfamilie Software S7-Software-Tools von INSEVIS \u2013 Komplexes einfach realisieren Das Einfache ist das Schwierigste. Unsere S7-Software l\u00f6st komplexe Anforderungen genial einfach. Wer sich auch nach Monaten Montage auf Anhieb in seinem Projekt zurechtfinden will, setzt INSEVIS ein. Mit gro\u00dfem Funktionsumfang aber geringer Programmgr\u00f6\u00dfe. Ob als Drag\u00b4n Drop-Konfigurator oder umfangreiche Visualisierung, ob als multiinstanzf\u00e4higes Remote-Zugangstool oder [&hellip;]<\/p>\n","protected":false},"author":5,"featured_media":0,"parent":0,"menu_order":0,"comment_status":"closed","ping_status":"closed","template":"","meta":{"footnotes":""},"class_list":["post-168","page","type-page","status-publish","hentry","post-wrapper","thrv_wrapper"],"_links":{"self":[{"href":"https:\/\/www.insevis.de\/en\/wp-json\/wp\/v2\/pages\/168","targetHints":{"allow":["GET"]}}],"collection":[{"href":"https:\/\/www.insevis.de\/en\/wp-json\/wp\/v2\/pages"}],"about":[{"href":"https:\/\/www.insevis.de\/en\/wp-json\/wp\/v2\/types\/page"}],"author":[{"embeddable":true,"href":"https:\/\/www.insevis.de\/en\/wp-json\/wp\/v2\/users\/5"}],"replies":[{"embeddable":true,"href":"https:\/\/www.insevis.de\/en\/wp-json\/wp\/v2\/comments?post=168"}],"version-history":[{"count":10,"href":"https:\/\/www.insevis.de\/en\/wp-json\/wp\/v2\/pages\/168\/revisions"}],"predecessor-version":[{"id":3678,"href":"https:\/\/www.insevis.de\/en\/wp-json\/wp\/v2\/pages\/168\/revisions\/3678"}],"wp:attachment":[{"href":"https:\/\/www.insevis.de\/en\/wp-json\/wp\/v2\/media?parent=168"}],"curies":[{"name":"wp","href":"https:\/\/api.w.org\/{rel}","templated":true}]}}