{"id":138,"date":"2023-11-08T04:53:29","date_gmt":"2023-11-08T04:53:29","guid":{"rendered":"https:\/\/relaunch.insevis.de\/?page_id=138"},"modified":"2026-02-24T09:48:31","modified_gmt":"2026-02-24T09:48:31","slug":"kompakt-sps","status":"publish","type":"page","link":"https:\/\/www.insevis.de\/en\/kompakt-sps\/","title":{"rendered":"Compact PLC"},"content":{"rendered":"<h2 style=\"text-align: center;\">Product family Compact-PLC<\/h2>\n<h3 style=\"\">S7 DIN rail controllers with onboard advantage<\/h3>\n<p>These S7 PLCs can be programmed in STEP\u00ae7 with the SimaticManager or the TIA-Portal\u00ae from Siemens. Equipped with sufficient memory, extensive communication channels such as Ethernet (TCP, UDP and S7 communication), Modbus-TCP and -RTU, CANopen as well as RS232 and RS485 and optionally Profibus DP master\/slave or Profinet IO controller. Special function blocks and free remote visualization allow extensive additional functions without an additional budget, all under S7. With onboard and\/or decentralized peripherals in fine gradations. Designed in robust and EMC-proof metal housings for the temperature range of -20\u2026+60\u00b0C and labeled with your logo on request. Effective copy protection through read protection is possible onboard at no extra cost.<\/p>\n<h2 style=\"text-align: center;\">Applications with Compact-PLC<\/h2>\n\n<h2 style=\"text-align: center;\">Downloads for product group<\/h2>\n<p><a href=\"https:\/\/www.insevis.de\/wp-content\/uploads\/Manual_KompaktSPS_D.pdf\" target=\"_blank\"><\/a><\/p>\n<p style=\"\">Compact PLC manual<\/p>\n<p style=\"\">For all INSEVIS panel PLCs, Rev. 01\/2023<\/p>\n<p><a href=\"https:\/\/www.insevis.de\/wp-content\/uploads\/Z_Kompakt-SPS_D.pdf\" target=\"_blank\"><\/a><\/p>\n<p style=\"\">Accessories Compact PLC<\/p>\n<p style=\"\">For all INSEVIS panel PLCs, Rev. 01\/2023<\/p>\n<p><a href=\"https:\/\/www.insevis.de\/en\/anfrage\/\" target=\"_blank\"><\/a><\/p>\n<p style=\"\">My request (link to other page)<\/p>\n<p style=\"\">For all INSEVIS panel PLCs, Rev. 01\/2023<\/p>\n<h2 style=\"text-align: center;\">Downloads for product group<\/h2>\n<p><a href=\"https:\/\/www.insevis.de\/wp-content\/uploads\/Manual_KompaktSPS_E.pdf\" target=\"_blank\"><\/a><\/p>\n<p style=\"\">Compact PLC manual<\/p>\n<p style=\"\">For all INSEVIS panel PLCs, Rev. 01\/2023<\/p>\n<p><a href=\"https:\/\/www.insevis.de\/wp-content\/uploads\/Z_Kompakt-SPS_E.pdf\" target=\"_blank\"><\/a><\/p>\n<p style=\"\">Accessories Compact PLC<\/p>\n<p style=\"\">For all INSEVIS panel PLCs, Rev. 01\/2023<\/p>\n<p><a href=\"https:\/\/www.insevis.de\/en\/anfrage\/\" target=\"_blank\"><\/a><\/p>\n<p style=\"\">My request (link to other page)<\/p>\n<p style=\"\">For all INSEVIS panel PLCs, Rev. 01\/2023<\/p>","protected":false},"excerpt":{"rendered":"<p>Produktfamilie Kompakt-SPS S7-Hutschienen-Steuerungen mit Onboard-Vorsprung Diese S7-SPS sind programmierbar in STEP\u00ae7 mit dem SimaticManager oder dem TIA-Portal\u00ae von Siemens. Ausger\u00fcstet mit gen\u00fcgend Speicher, umfangreichen Kommunikationskan\u00e4len wie Ethernet (TCP, UDP und S7-Kommunikation), Modbus-TCP und -RTU, CANopen sowie RS232 und RS485 und optional Profibus DP-Master\/-Slave bzw. Profinet IO Controller. Sonderfunktionsbausteine und eine kostenlose Remote-Visualisierung erlauben umfangreiche Mehrfunktionen [&hellip;]<\/p>\n","protected":false},"author":5,"featured_media":0,"parent":0,"menu_order":0,"comment_status":"closed","ping_status":"closed","template":"","meta":{"footnotes":""},"class_list":["post-138","page","type-page","status-publish","hentry","post-wrapper","thrv_wrapper"],"_links":{"self":[{"href":"https:\/\/www.insevis.de\/en\/wp-json\/wp\/v2\/pages\/138","targetHints":{"allow":["GET"]}}],"collection":[{"href":"https:\/\/www.insevis.de\/en\/wp-json\/wp\/v2\/pages"}],"about":[{"href":"https:\/\/www.insevis.de\/en\/wp-json\/wp\/v2\/types\/page"}],"author":[{"embeddable":true,"href":"https:\/\/www.insevis.de\/en\/wp-json\/wp\/v2\/users\/5"}],"replies":[{"embeddable":true,"href":"https:\/\/www.insevis.de\/en\/wp-json\/wp\/v2\/comments?post=138"}],"version-history":[{"count":10,"href":"https:\/\/www.insevis.de\/en\/wp-json\/wp\/v2\/pages\/138\/revisions"}],"predecessor-version":[{"id":3657,"href":"https:\/\/www.insevis.de\/en\/wp-json\/wp\/v2\/pages\/138\/revisions\/3657"}],"wp:attachment":[{"href":"https:\/\/www.insevis.de\/en\/wp-json\/wp\/v2\/media?parent=138"}],"curies":[{"name":"wp","href":"https:\/\/api.w.org\/{rel}","templated":true}]}}