{"id":1361,"date":"2024-06-12T13:08:08","date_gmt":"2024-06-12T13:08:08","guid":{"rendered":"https:\/\/relaunch.insevis.de\/?page_id=1361"},"modified":"2024-06-26T11:14:07","modified_gmt":"2024-06-26T11:14:07","slug":"impressum","status":"publish","type":"page","link":"https:\/\/www.insevis.de\/en\/impressum\/","title":{"rendered":"Imprint"},"content":{"rendered":"<h1 style=\"text-align: center;\">Imprint<\/h1>\n<p><strong><span style=\"--tcb-applied-color: rgb(102, 102, 102) !important; color: rgb(102, 102, 102) !important; font-size: 20px !important;\">According to \u00a7 5 TMG:<\/span><\/strong>INSEVIS Vertriebs GmbHAm Weichselgarten 791058 Erlangen<strong><span style=\"font-size: 20px !important;\">Represented by:<\/span><\/strong>J\u00f6rg Peters, Baasansuren Sodnompil, Bastian S\u00fc\u00df<strong><span style=\"font-size: 20px !important;\">Register entry:<\/span><\/strong>Entry in the commercial register.Registration court: District Court of F\u00fcrthRegistration number: HRB 20792<span style=\"font-size: 20px !important;\">Tax ID:<\/span>VAT identification number according to Section 27a of the Sales Tax Law: DE 366 926 281 Source: http:\/\/www.e-recht24.de<span style=\"font-size: 20px !important;\">Disclaimer<\/span><\/p>\n<p><span style=\"font-size: 20px !important;\">Liability for content<\/span>As service providers, we are liable for own contents of these websites according to \u00a7 7 paragraph 1 German Telemedia Act (TMG). However, according to \u00a7\u00a7 8 to 10 German Telemedia Act (TMG), service providers are not obligated to monitor submitted or stored information or to search for evidences that indicate illegal activities. Legal obligations to removing information or to blocking the use of information remain unchallenged. In this case, liability is only possible at the time of knowledge about a specific violation of law. If we become aware of such violations, we will remove this content immediately.<span style=\"font-size: 20px !important;\">Liability for links<\/span>Our offer contains links to external third-party websites over whose content we have no influence. We therefore cannot accept any liability for this external content. The respective provider or operator of the pages is always responsible for the content of the linked pages. The linked pages were checked for possible legal violations at the time of linking. Illegal content was not recognizable at the time of linking. However, permanent control of the content of the linked pages is not reasonable without concrete evidence of a legal violation. If we become aware of any legal violations, we will remove such links immediately.<span style=\"font-size: 20px !important;\">copyright<\/span>The content and works on these pages created by the site operators are subject to German copyright law. Duplication, processing, distribution and any type of exploitation outside the limits of copyright law require the written consent of the respective author or creator. Downloads and copies of this page are only permitted for private, non-commercial use. Insofar as the content on this page was not created by the operator, the copyrights of third parties are observed. In particular, third-party content is marked as such. Should you nevertheless become aware of a copyright infringement, we ask you to notify us accordingly. If we become aware of any infringements, we will remove such content immediately.<\/p>","protected":false},"excerpt":{"rendered":"<p>Impressum Angaben gem\u00e4\u00df \u00a7 5 TMG:INSEVIS Vertriebs GmbHAm Weichselgarten 791058 ErlangenVertreten durch:J\u00f6rg PetersBaasansuren SodnompilBastian S\u00fc\u00dfRegistereintrag:Eintragung im Handelsregister.Registergericht: Amtsgericht F\u00fcrthRegisternummer: HRB 20792Umsatzsteuer-ID:Umsatzsteuer-Identifikationsnummer gem\u00e4\u00df \u00a727 a Umsatzsteuergesetz:DE \u200b366 926 281Quelle: http:\/\/www.e-recht24.deHaftungsausschluss (Disclaimer) Haftung f\u00fcr InhalteAls Diensteanbieter sind wir gem\u00e4\u00df \u00a7 7 Abs.1 TMG f\u00fcr eigene Inhalte auf diesen Seiten nach den allgemeinen Gesetzen verantwortlich. Nach \u00a7\u00a7 8 [&hellip;]<\/p>\n","protected":false},"author":5,"featured_media":0,"parent":0,"menu_order":0,"comment_status":"closed","ping_status":"closed","template":"","meta":{"footnotes":""},"class_list":["post-1361","page","type-page","status-publish","hentry","post-wrapper","thrv_wrapper"],"_links":{"self":[{"href":"https:\/\/www.insevis.de\/en\/wp-json\/wp\/v2\/pages\/1361","targetHints":{"allow":["GET"]}}],"collection":[{"href":"https:\/\/www.insevis.de\/en\/wp-json\/wp\/v2\/pages"}],"about":[{"href":"https:\/\/www.insevis.de\/en\/wp-json\/wp\/v2\/types\/page"}],"author":[{"embeddable":true,"href":"https:\/\/www.insevis.de\/en\/wp-json\/wp\/v2\/users\/5"}],"replies":[{"embeddable":true,"href":"https:\/\/www.insevis.de\/en\/wp-json\/wp\/v2\/comments?post=1361"}],"version-history":[{"count":5,"href":"https:\/\/www.insevis.de\/en\/wp-json\/wp\/v2\/pages\/1361\/revisions"}],"predecessor-version":[{"id":1816,"href":"https:\/\/www.insevis.de\/en\/wp-json\/wp\/v2\/pages\/1361\/revisions\/1816"}],"wp:attachment":[{"href":"https:\/\/www.insevis.de\/en\/wp-json\/wp\/v2\/media?parent=1361"}],"curies":[{"name":"wp","href":"https:\/\/api.w.org\/{rel}","templated":true}]}}