{"id":123,"date":"2023-11-07T09:27:20","date_gmt":"2023-11-07T09:27:20","guid":{"rendered":"https:\/\/relaunch.insevis.de\/?page_id=123"},"modified":"2026-03-26T13:12:03","modified_gmt":"2026-03-26T13:12:03","slug":"unternehmen","status":"publish","type":"page","link":"https:\/\/www.insevis.de\/en\/unternehmen\/","title":{"rendered":"Pursue"},"content":{"rendered":"<h2 style=\"text-align: center;\">About Us<\/h2>\n<h2 style=\"\"><span style=\"font-size: 15px !important; --tcb-applied-color: rgb(102, 102, 102)   !important; color: rgb(102, 102, 102) !important;\">The INSEVIS product range is the result of years of thorough development and testing. It enables the particularly simple and extremely economical implementation of a comprehensive control solution for small and medium-sized applications in the S7 language area using the S7 programming tools from Siemens. This means that no customer has to switch completely to INSEVIS - they are free to use Siemens products in parallel whenever they need to.<\/span><\/h2>\n<p style=\"\"><span style=\"color: rgb(102, 102, 102) !important;\"><span style=\"--tcb-applied-color: rgb(102, 102, 102) !important;\"><span style=\"font-size: 15px !important;\"><br \/>Anyone who uses INSEVIS becomes more independent and generates follow-up business. Our customers appreciate the fast and direct service and the free special functions of the software - such as completely free remote visualizations. Offering benefits wherever possible - without always thinking of yourself first - that is what we mean by partnership.<\/span><\/span><\/span><\/p>\n<p style=\"\"><span style=\"font-size: 15px !important; --tcb-applied-color: rgb(102, 102, 102)   !important; color: rgb(102, 102, 102) !important;\"><br \/>Short supply chains, German production and flexibility down to the last chip - the result is QUALITY and RELIABILITY of your control supplier. Hardly any supplier has demonstrated this as clearly as INSEVIS during the Corona and semiconductor crisis. Not an INSEVIS customer yet? Then it&#039;s time to expand your supplier structure to include a reliable 2nd source.<\/span><\/p>\n<p><span><img decoding=\"async\" alt=\"\" data-id=\"1313\" width=\"1170\" data-init-width=\"1590\" height=\"99\" data-init-height=\"135\" title=\"Lettering\" loading=\"lazy\" src=\"\/\/www.insevis.de\/wp-content\/uploads\/2024\/06\/Schriftzug.png\" data-width=\"1170\" data-height=\"99\" style=\"aspect-ratio: auto 1590 \/ 135;\"><\/span><\/p>\n<h5 style=\"\">our customers<\/h5>\n<p style=\"\">INSEVIS customers are primarily professionals who are looking for a solution to ensure the long-term success of their product. A solution that allows them to carry out global projects but is still individually secured. So that they can continue to make a living from the work they do today.<\/p>\n<h5 style=\"\">our philosophy<br \/><\/h5>\n<p>Think \u2013 work hard \u2013 stay independent. We don&#039;t employ entertainers, but rather professionals \u2013 specialists in their field with a penchant for meticulousness. For us, Made in Germany means an obligation to subordinate everything to the unconditional desire for quality. We increase the profitability and independence of our customers.<\/p>\n<h2 style=\"text-align: center;\">Career<\/h2>\n<p><span style=\"font-size: 15px !important;\">Would you like to work in a company with effective team play and short communication channels, contribute your own ideas and drive innovation? We are looking for people who enjoy getting involved and being successful together.<br \/>At INSEVIS you are part of an innovative and motivated team of technicians and engineers. Every day we master the challenges of automation technology together.<\/span><\/p>\n<p><span style=\"font-size: 15px !important;\">Does that sound exciting? Then apply to us!<\/span><\/p>\n<h5>initiative application<\/h5>\n<p style=\"\"><span>Would you like to start working with us but haven\u2019t found a suitable position on our homepage?<br \/>No problem! You are also welcome to send us an unsolicited application.<\/span><\/p>\n<h5>About Us<\/h5>\n<li>Since the company was founded in 2011, we have offered secure jobs, flat hierarchies and a collegial and personal atmosphere<\/li>\n<li>We attach importance to individual design of the employment relationship<\/li>\n<h2 style=\"text-align: center;\">Sustainability<\/h2>\n<h5>Repairability<\/h5>\n<p style=\"\"><span>INSEVIS has made a commitment to produce products that can be repaired if damaged. The devices sent to us are checked and defective displays or components are replaced instead of replacing the entire product.<\/span><\/p>\n<p><a href=\"https:\/\/www.insevis.de\/wp-content\/uploads\/Entsorgung_D.pdf\" target=\"_blank\"><\/a><\/p>\n<h5>WEEE registration<\/h5>\n<p tve-droppable\"=\"\" \"=\"\">What to do with end-of-life appliances? In the EU, electrical and electronic equipment is the fastest growing type of waste and, although many electrical products could be recycled, this rarely happens.<\/p>\n<h2 style=\"text-align: center;\">Sustainability<\/h2>\n<h5>Repairability<\/h5>\n<p style=\"\"><span>INSEVIS has made a commitment to produce products that can be repaired if damaged. The devices sent to us are checked and defective displays or components are replaced instead of replacing the entire product.<\/span><\/p>\n<p><a href=\"https:\/\/www.insevis.de\/wp-content\/uploads\/Entsorgung_E.pdf\" target=\"_blank\"><\/a><\/p>\n<h5>WEEE registration<\/h5>\n<p tve-droppable\"=\"\" \"=\"\">What to do with end-of-life appliances? In the EU, electrical and electronic equipment is the fastest growing type of waste and, although many electrical products could be recycled, this rarely happens.<\/p>","protected":false},"excerpt":{"rendered":"<p>\u00dcber uns Die INSEVIS-Produktpalette ist ein Resultat jahrelanger, gr\u00fcndlicher Entwicklungen und Tests. Sie erm\u00f6glicht die besonders einfache und \u00e4u\u00dferst wirtschaftliche Realisierung einer durchgehenden Steuerungsl\u00f6sung f\u00fcr kleine und mittlere Anwendungen im S7-Sprachraum mit den S7-Programmiertools von Siemens. Somit muss kein Kunde ganz auf INSEVIS umsteigen \u2013 er ist frei, parallel auch immer Siemens-Produkte einzusetzen, wenn er [&hellip;]<\/p>\n","protected":false},"author":5,"featured_media":0,"parent":0,"menu_order":0,"comment_status":"closed","ping_status":"closed","template":"","meta":{"footnotes":""},"class_list":["post-123","page","type-page","status-publish","hentry","post-wrapper","thrv_wrapper"],"_links":{"self":[{"href":"https:\/\/www.insevis.de\/en\/wp-json\/wp\/v2\/pages\/123","targetHints":{"allow":["GET"]}}],"collection":[{"href":"https:\/\/www.insevis.de\/en\/wp-json\/wp\/v2\/pages"}],"about":[{"href":"https:\/\/www.insevis.de\/en\/wp-json\/wp\/v2\/types\/page"}],"author":[{"embeddable":true,"href":"https:\/\/www.insevis.de\/en\/wp-json\/wp\/v2\/users\/5"}],"replies":[{"embeddable":true,"href":"https:\/\/www.insevis.de\/en\/wp-json\/wp\/v2\/comments?post=123"}],"version-history":[{"count":10,"href":"https:\/\/www.insevis.de\/en\/wp-json\/wp\/v2\/pages\/123\/revisions"}],"predecessor-version":[{"id":3717,"href":"https:\/\/www.insevis.de\/en\/wp-json\/wp\/v2\/pages\/123\/revisions\/3717"}],"wp:attachment":[{"href":"https:\/\/www.insevis.de\/en\/wp-json\/wp\/v2\/media?parent=123"}],"curies":[{"name":"wp","href":"https:\/\/api.w.org\/{rel}","templated":true}]}}