{"id":94,"date":"2023-10-20T09:09:25","date_gmt":"2023-10-20T09:09:25","guid":{"rendered":"https:\/\/relaunch.insevis.de\/generated-homepage\/"},"modified":"2026-03-25T14:10:57","modified_gmt":"2026-03-25T14:10:57","slug":"startseite","status":"publish","type":"page","link":"https:\/\/www.insevis.de\/de\/","title":{"rendered":"Startseite"},"content":{"rendered":"<h2 style=\"text-align: center;\">News &amp; Termine<\/h2>\n\n<h2 style=\"text-align: center;\">INSEVIS-Produkte: Erweiterung und Vereinfachung der S7-Welt<\/h2>\n<p style=\"text-align: center;\">Unsere S7-Produktfamilien sind der Beweis, wie gut sich innovative Systeml\u00f6sungen und deutsche Qualit\u00e4tsarbeit mit einem marktf\u00e4higen Preis vereinbaren l\u00e4sst. Bescheidenheit, Wissen und Respekt vor den Anforderungen unserer Kunden haben uns zu einem verantwortungsbewussten S7-Systemanbieter werden lassen.<\/p>\n<p style=\"text-align: center;\"><\/p>\n<p style=\"text-align: center;\">Mit INSEVIS-Produkten steigern Sie den Wert Ihrer Anwendung und sichern Sie Ihren Marktzugang, ohne daf\u00fcr Ihre Wirtschaftlichkeit in Frage stellen zu m\u00fcssen. Dadurch verbessern Sie Ihre Performance in Ihrem Marktsegment und sichern Ihren Erfolg \u2013 nachhaltig.<\/p>\n\n<h2 style=\"text-align: center;\">Service<\/h2>\n<p style=\"text-align: center;\">Service ist f\u00fcr INSEVIS Eine gelebte Haltung \u2013 nicht nur ein Wort. Keine Warteschleifen, sondern qualifizierte Hilfe von Anfang an. Ein besseres Feedback als Kundenreaktionen gibt es nicht f\u00fcr unsere Entwickler. Die Funktionen sind in Handb\u00fcchern ausf\u00fchrlich mit Beispielprogrammen beschrieben. Zus\u00e4tzlich stehen f\u00fcr Sie hier Demoprogramme und Videos zum Download bereit. Alle Beispiele sind ausf\u00fchrlich getestet und dokumentiert. Damit kann jeder Programmierer sofort mit der INSEVIS-Baugruppe in seiner bekannten S7-Programmierumgebung starten und den Aufwand f\u00fcr die Erstellung der Anwendungsprogramme erheblich zu reduzieren.<\/p>\n<p><a href=\"https:\/\/www.insevis.de\/downloads\/\"><\/a><\/p>\n<h3>Downloads<\/h3>\n<p style=\"\">Dokumentierte Beispielprogramme f\u00fcr verschiedene Funktionen und Schnittstellen.<\/p>\n<p>Demovisualisierungen, S7-Bibliotheken, alles f\u00fcr den erfolgreichen Start mit INSEVIS.<\/p>\n<p><a href=\"https:\/\/www.youtube.com\/channel\/UCoIrGn_3Fo8GI7gw6cN2n5w\/featured\" rel=\"nofollow noopener\" target=\"_blank\"><\/a><\/p>\n<h3>Erkl\u00e4rvideos&nbsp;<\/h3>\n<p style=\"\">Auf dem INSEVIS YouTube-Kanal stehen viele Playlists mit umfangreichen Erkl\u00e4rvideos zu Ger\u00e4ten und Funktionen zur Verf\u00fcgung.<\/p>\n<h2 style=\"text-align: center;\">Qualit\u00e4t &#8211; Made in Germany<\/h2>\n<p style=\"\">Kompromisslose Qualit\u00e4t und maximaler Kundennutzen in jedem Detail sind bei INSEVIS die h\u00f6chsten Anspr\u00fcche, die das Denken und Handeln der gesamten Unternehmensgruppe pr\u00e4gen.<\/p>\n<p style=\"\">Kurze Lieferketten, deutsche Fertigungs und Flexibilit\u00e4t bis zum letzten Chip \u2013 das Ergebnis ist <strong>LIEFERF\u00c4HIGKEIT<\/strong> und damit <strong>VERL\u00c4SSLICHKEIT<\/strong> auf ihren Steuerungslieferanten. Kaum ein Lieferant hat das w\u00e4hrend Corona- und Halbleiterkrise so deutlich nachgewiesen, wie INSEVIS. Noch nicht INSEVIS-Kunde? Dann ist es Zeit, seine Lieferantenstruktur um eine verl\u00e4ssliche 2nd Source zu erweitern.<\/p>\n<p><a href=\"https:\/\/www.insevis.de\/wp-content\/uploads\/Multi-Site-Zertifikat-2024.pdf\" target=\"_blank\"><\/a><\/p>\n<h3>Qualit\u00e4tsrichtlinien<\/h3>\n<p style=\"\">INSEVIS Produkte sind designed and made in Germany. Das ist Ehre und Verpflichtung zugleich. Zertifiziert nach DIN EN ISO 9001:2015. Und zwar 14x in Folge ohne Abweichung.<\/p>\n<h3>100% Test<\/h3>\n<p style=\"\">Die Steuerungen von INSEVIS werden in ihrer bestellten kundenspezifischen Konfiguration montiert und zu 100% getestet und k\u00f6nnen sofort vom Kunden verbaut werden.<\/p>\n<p style=\"\"><\/p>\n","protected":false},"excerpt":{"rendered":"<p>News &amp; Termine INSEVIS-Produkte: Erweiterung und Vereinfachung der S7-Welt Unsere S7-Produktfamilien sind der Beweis, wie gut sich innovative Systeml\u00f6sungen und deutsche Qualit\u00e4tsarbeit mit einem marktf\u00e4higen Preis vereinbaren l\u00e4sst. Bescheidenheit, Wissen und Respekt vor den Anforderungen unserer Kunden haben uns zu einem verantwortungsbewussten S7-Systemanbieter werden lassen. Mit INSEVIS-Produkten steigern Sie den Wert Ihrer Anwendung und sichern [&hellip;]<\/p>\n","protected":false},"author":5,"featured_media":0,"parent":0,"menu_order":0,"comment_status":"closed","ping_status":"closed","template":"","meta":{"footnotes":""},"class_list":["post-94","page","type-page","status-publish","hentry","post-wrapper","thrv_wrapper"],"_links":{"self":[{"href":"https:\/\/www.insevis.de\/de\/wp-json\/wp\/v2\/pages\/94","targetHints":{"allow":["GET"]}}],"collection":[{"href":"https:\/\/www.insevis.de\/de\/wp-json\/wp\/v2\/pages"}],"about":[{"href":"https:\/\/www.insevis.de\/de\/wp-json\/wp\/v2\/types\/page"}],"author":[{"embeddable":true,"href":"https:\/\/www.insevis.de\/de\/wp-json\/wp\/v2\/users\/5"}],"replies":[{"embeddable":true,"href":"https:\/\/www.insevis.de\/de\/wp-json\/wp\/v2\/comments?post=94"}],"version-history":[{"count":10,"href":"https:\/\/www.insevis.de\/de\/wp-json\/wp\/v2\/pages\/94\/revisions"}],"predecessor-version":[{"id":3716,"href":"https:\/\/www.insevis.de\/de\/wp-json\/wp\/v2\/pages\/94\/revisions\/3716"}],"wp:attachment":[{"href":"https:\/\/www.insevis.de\/de\/wp-json\/wp\/v2\/media?parent=94"}],"curies":[{"name":"wp","href":"https:\/\/api.w.org\/{rel}","templated":true}]}}