{"id":680,"date":"2024-02-01T08:33:23","date_gmt":"2024-02-01T08:33:23","guid":{"rendered":"https:\/\/relaunch.insevis.de\/?page_id=680"},"modified":"2025-07-25T08:09:27","modified_gmt":"2025-07-25T08:09:27","slug":"panel-sps","status":"publish","type":"page","link":"https:\/\/www.insevis.de\/de\/panel-sps\/","title":{"rendered":"Panel-SPS"},"content":{"rendered":"<h2 style=\"text-align: center;\">Produktfamilie Panel-SPS<\/h2>\n<h5 style=\"\">Die Verbindung aus SPS und HMI in einem Kompaktger\u00e4t<\/h5>\n<p>Steuern, visualisieren, kommunizieren auf kleinstem Raum. Die kompakteste Art zu automatisieren \u2013 und mit INSEVIS-S7-Panel-SPSen auch die wirtschaftlichste. IP65-dicht, Metallgeh\u00e4use, programmierbar in STEP\u00ae7 mit dem SimaticManager V5.5 oder dem TIA-Portal von Siemens. Ausger\u00fcstet mit umfangreichen Kommunikationskan\u00e4len wie Ethernet, Modbus, CAN, RS232 und RS485 und Profibus DP bzw. Profinet IO Controller. Mit Onboard- und\/oder dezentraler Peripherie in feinen Abstufungen. Offen f\u00fcr Fremdperipherie und geschlossen f\u00fcr illegale Kopierer. Gelabelt mit Ihrem Logo, dass den hohen intuitiven Qualit\u00e4tseindruck unterstreicht und Sie unaustauschbar macht.<\/p>\n<h2 style=\"text-align: center;\">Anwendungen mit Panel-SPS<\/h2>\n\n","protected":false},"excerpt":{"rendered":"<p>Produktfamilie Panel-SPS Die Verbindung aus SPS und HMI in einem Kompaktger\u00e4t Steuern, visualisieren, kommunizieren auf kleinstem Raum. Die kompakteste Art zu automatisieren \u2013 und mit INSEVIS-S7-Panel-SPSen auch die wirtschaftlichste. IP65-dicht, Metallgeh\u00e4use, programmierbar in STEP\u00ae7 mit dem SimaticManager V5.5 oder dem TIA-Portal von Siemens. Ausger\u00fcstet mit umfangreichen Kommunikationskan\u00e4len wie Ethernet, Modbus, CAN, RS232 und RS485 und [&hellip;]<\/p>\n","protected":false},"author":5,"featured_media":0,"parent":0,"menu_order":0,"comment_status":"closed","ping_status":"closed","template":"","meta":{"footnotes":""},"class_list":["post-680","page","type-page","status-publish","hentry","post-wrapper","thrv_wrapper"],"_links":{"self":[{"href":"https:\/\/www.insevis.de\/de\/wp-json\/wp\/v2\/pages\/680","targetHints":{"allow":["GET"]}}],"collection":[{"href":"https:\/\/www.insevis.de\/de\/wp-json\/wp\/v2\/pages"}],"about":[{"href":"https:\/\/www.insevis.de\/de\/wp-json\/wp\/v2\/types\/page"}],"author":[{"embeddable":true,"href":"https:\/\/www.insevis.de\/de\/wp-json\/wp\/v2\/users\/5"}],"replies":[{"embeddable":true,"href":"https:\/\/www.insevis.de\/de\/wp-json\/wp\/v2\/comments?post=680"}],"version-history":[{"count":10,"href":"https:\/\/www.insevis.de\/de\/wp-json\/wp\/v2\/pages\/680\/revisions"}],"predecessor-version":[{"id":3450,"href":"https:\/\/www.insevis.de\/de\/wp-json\/wp\/v2\/pages\/680\/revisions\/3450"}],"wp:attachment":[{"href":"https:\/\/www.insevis.de\/de\/wp-json\/wp\/v2\/media?parent=680"}],"curies":[{"name":"wp","href":"https:\/\/api.w.org\/{rel}","templated":true}]}}