{"id":282,"date":"2024-01-11T12:56:55","date_gmt":"2024-01-11T12:56:55","guid":{"rendered":"https:\/\/relaunch.insevis.de\/?page_id=282"},"modified":"2025-07-25T07:03:09","modified_gmt":"2025-07-25T07:03:09","slug":"iiot-produkte","status":"publish","type":"page","link":"https:\/\/www.insevis.de\/de\/iiot-produkte\/","title":{"rendered":"IIoT-Produkte"},"content":{"rendered":"<h2 style=\"text-align: center;\">IIoT-Produkte<\/h2>\n<h3 style=\"\">Industrie 4.0 \u2013 konforme IIoT-Gateways<\/h3>\n<p>Jeder hat zu dem Thema eine eigene Meinung aber fr\u00fcher oder sp\u00e4ter wird es f\u00fcr jeden eine reale Herausforderung. INSEVIS steht mit seinen S7- IIoT-Gateways auch hier f\u00fcr modernste Methoden gem\u00e4\u00df RAMI4.0. Erfahrene Programmierer erkennen liebgewonnene Strukturen bei dem Import von S7-Variablen wieder. Ausgabe der Datenpunkte als OPC UA-Server und MQTT-Client (Pub\/Sub). Die IIoT-Gateways beinhalten Benutzerverwaltung, Verschl\u00fcsselung samt Zertifikatshandling und openVPN. Gleichzeitig stehen mit NodeRED v\u00f6llig neue L\u00f6sungsans\u00e4tze zur Verf\u00fcgung. So kommen zu dieser j\u00fcngsten INSEVIS-Produktfamilie mit der Zeit immer neue Produkte mit neuen L\u00f6sungans\u00e4tzen hinzu.<\/p>\n<h2 style=\"text-align: center;\">Anwendungen mit INSEVIS EDGE-Ger\u00e4ten<\/h2>\n\n<h2 style=\"text-align: center;\">Downloads f\u00fcr diese Produktgruppe<\/h2>\n<p><a href=\"https:\/\/www.insevis.de\/wp-content\/uploads\/Manual_Gateway_D.pdf\" target=\"_blank\"><\/a><\/p>\n<p style=\"\">Handbuch IIoT-Ger\u00e4te<\/p>\n<p><a href=\"https:\/\/www.insevis.de\/anfrage\/\" target=\"_blank\"><\/a><\/p>\n<p style=\"\">Meine Anfrage (Link zu anderer Seite)<\/p>\n<p><a href=\"https:\/\/www.insevis.de\/wp-content\/uploads\/Gateway_Demo_V03.4.zip\" target=\"_blank\"><\/a><\/p>\n<p style=\"\">Demo-IIoT-Ger\u00e4te<\/p>\n<h2 style=\"text-align: center;\">Downloads f\u00fcr diese Produktgruppe<\/h2>\n<p><a href=\"https:\/\/www.insevis.de\/wp-content\/uploads\/Manual_Gateway_E.pdf\" target=\"_blank\"><\/a><\/p>\n<p style=\"\">Handbuch IIoT-Ger\u00e4te<\/p>\n<p><a href=\"https:\/\/www.insevis.de\/anfrage\/\" target=\"_blank\"><\/a><\/p>\n<p style=\"\">Meine Anfrage (Link zu anderer Seite)<\/p>\n<p><a href=\"https:\/\/www.insevis.de\/wp-content\/uploads\/Gateway_Demo_V03.4.zip\" target=\"_blank\"><\/a><\/p>\n<p style=\"\">Demo-IIoT-Ger\u00e4te<\/p>\n<p><span>Insert Content Template or Symbol<\/span><\/p>\n","protected":false},"excerpt":{"rendered":"<p>IIoT-Produkte Industrie 4.0 \u2013 konforme IIoT-Gateways Jeder hat zu dem Thema eine eigene Meinung aber fr\u00fcher oder sp\u00e4ter wird es f\u00fcr jeden eine reale Herausforderung. INSEVIS steht mit seinen S7- IIoT-Gateways auch hier f\u00fcr modernste Methoden gem\u00e4\u00df RAMI4.0. Erfahrene Programmierer erkennen liebgewonnene Strukturen bei dem Import von S7-Variablen wieder. Ausgabe der Datenpunkte als OPC UA-Server [&hellip;]<\/p>\n","protected":false},"author":5,"featured_media":0,"parent":0,"menu_order":0,"comment_status":"closed","ping_status":"closed","template":"","meta":{"footnotes":""},"class_list":["post-282","page","type-page","status-publish","hentry","post-wrapper","thrv_wrapper"],"_links":{"self":[{"href":"https:\/\/www.insevis.de\/de\/wp-json\/wp\/v2\/pages\/282","targetHints":{"allow":["GET"]}}],"collection":[{"href":"https:\/\/www.insevis.de\/de\/wp-json\/wp\/v2\/pages"}],"about":[{"href":"https:\/\/www.insevis.de\/de\/wp-json\/wp\/v2\/types\/page"}],"author":[{"embeddable":true,"href":"https:\/\/www.insevis.de\/de\/wp-json\/wp\/v2\/users\/5"}],"replies":[{"embeddable":true,"href":"https:\/\/www.insevis.de\/de\/wp-json\/wp\/v2\/comments?post=282"}],"version-history":[{"count":10,"href":"https:\/\/www.insevis.de\/de\/wp-json\/wp\/v2\/pages\/282\/revisions"}],"predecessor-version":[{"id":3435,"href":"https:\/\/www.insevis.de\/de\/wp-json\/wp\/v2\/pages\/282\/revisions\/3435"}],"wp:attachment":[{"href":"https:\/\/www.insevis.de\/de\/wp-json\/wp\/v2\/media?parent=282"}],"curies":[{"name":"wp","href":"https:\/\/api.w.org\/{rel}","templated":true}]}}