{"id":168,"date":"2023-11-08T06:12:19","date_gmt":"2023-11-08T06:12:19","guid":{"rendered":"https:\/\/relaunch.insevis.de\/?page_id=168"},"modified":"2026-03-19T07:56:35","modified_gmt":"2026-03-19T07:56:35","slug":"software","status":"publish","type":"page","link":"https:\/\/www.insevis.de\/de\/software\/","title":{"rendered":"Software"},"content":{"rendered":"<h2 style=\"text-align: center;\">Produktfamilie Software<\/h2>\n<h3 style=\"\">S7-Software-Tools von INSEVIS \u2013 Komplexes einfach realisieren<\/h3>\n<p>Das Einfache ist das Schwierigste. Unsere S7-Software l\u00f6st komplexe Anforderungen genial einfach. Wer sich auch nach Monaten Montage auf Anhieb in seinem Projekt zurechtfinden will, setzt INSEVIS ein. Mit gro\u00dfem Funktionsumfang aber geringer Programmgr\u00f6\u00dfe. Ob als Drag\u00b4n Drop-Konfigurator oder umfangreiche Visualisierung, ob als multiinstanzf\u00e4higes Remote-Zugangstool oder sinnvolles Service-Werkzeug mit dem ultimativen Know-how-Schutz. N\u00fctzlich, kostenlos. Unsere Ingenieure pflegen die Software und f\u00fcgen immer wieder neue Funktionen hinzu \u2013 ganz ohne neue Kosten. Weil bei INSEVIS selbst gen\u00fcgend independent minds sind, gibt es auch eine kostenlose Remote-Visualisierungsl\u00f6sung nicht nur f\u00fcr INSEVIS-SPSen, sondern f\u00fcr alle Ethernet-f\u00e4higen S7-SPSen.<\/p>\n<h2 style=\"text-align: center;\">Anwendungen mit INSEVIS-Software<\/h2>\n\n<h2 style=\"text-align: center;\">Downloads f\u00fcr diese Produktgruppe<\/h2>\n<p><a href=\"https:\/\/www.insevis.de\/wp-content\/uploads\/Manual_Software_D.pdf\" target=\"_blank\"><\/a><\/p>\n<p style=\"\">Handbuch Software<\/p>\n<p><a href=\"https:\/\/www.insevis.de\/anfrage\/\" target=\"_blank\"><\/a><\/p>\n<p style=\"\">Meine Anfrage<\/p>\n<h2 style=\"text-align: center;\">Downloads f\u00fcr diese Produktgruppe<\/h2>\n<p><a href=\"https:\/\/www.insevis.de\/wp-content\/uploads\/Manual_Software_E.pdf\" target=\"_blank\"><\/a><\/p>\n<p style=\"\">Handbuch Software<\/p>\n<p><a href=\"https:\/\/www.insevis.de\/anfrage\/\" target=\"_blank\"><\/a><\/p>\n<p style=\"\">Meine Anfrage<\/p>\n","protected":false},"excerpt":{"rendered":"<p>Produktfamilie Software S7-Software-Tools von INSEVIS \u2013 Komplexes einfach realisieren Das Einfache ist das Schwierigste. Unsere S7-Software l\u00f6st komplexe Anforderungen genial einfach. Wer sich auch nach Monaten Montage auf Anhieb in seinem Projekt zurechtfinden will, setzt INSEVIS ein. Mit gro\u00dfem Funktionsumfang aber geringer Programmgr\u00f6\u00dfe. Ob als Drag\u00b4n Drop-Konfigurator oder umfangreiche Visualisierung, ob als multiinstanzf\u00e4higes Remote-Zugangstool oder [&hellip;]<\/p>\n","protected":false},"author":5,"featured_media":0,"parent":0,"menu_order":0,"comment_status":"closed","ping_status":"closed","template":"","meta":{"footnotes":""},"class_list":["post-168","page","type-page","status-publish","hentry","post-wrapper","thrv_wrapper"],"_links":{"self":[{"href":"https:\/\/www.insevis.de\/de\/wp-json\/wp\/v2\/pages\/168","targetHints":{"allow":["GET"]}}],"collection":[{"href":"https:\/\/www.insevis.de\/de\/wp-json\/wp\/v2\/pages"}],"about":[{"href":"https:\/\/www.insevis.de\/de\/wp-json\/wp\/v2\/types\/page"}],"author":[{"embeddable":true,"href":"https:\/\/www.insevis.de\/de\/wp-json\/wp\/v2\/users\/5"}],"replies":[{"embeddable":true,"href":"https:\/\/www.insevis.de\/de\/wp-json\/wp\/v2\/comments?post=168"}],"version-history":[{"count":10,"href":"https:\/\/www.insevis.de\/de\/wp-json\/wp\/v2\/pages\/168\/revisions"}],"predecessor-version":[{"id":3678,"href":"https:\/\/www.insevis.de\/de\/wp-json\/wp\/v2\/pages\/168\/revisions\/3678"}],"wp:attachment":[{"href":"https:\/\/www.insevis.de\/de\/wp-json\/wp\/v2\/media?parent=168"}],"curies":[{"name":"wp","href":"https:\/\/api.w.org\/{rel}","templated":true}]}}