{"id":138,"date":"2023-11-08T04:53:29","date_gmt":"2023-11-08T04:53:29","guid":{"rendered":"https:\/\/relaunch.insevis.de\/?page_id=138"},"modified":"2026-02-24T09:48:31","modified_gmt":"2026-02-24T09:48:31","slug":"kompakt-sps","status":"publish","type":"page","link":"https:\/\/www.insevis.de\/de\/kompakt-sps\/","title":{"rendered":"Kompakt-SPS"},"content":{"rendered":"<h2 style=\"text-align: center;\">Produktfamilie Kompakt-SPS<\/h2>\n<h3 style=\"\">S7-Hutschienen-Steuerungen mit Onboard-Vorsprung<\/h3>\n<p>Diese S7-SPS sind programmierbar in STEP\u00ae7 mit dem SimaticManager oder dem TIA-Portal\u00ae von Siemens. Ausger\u00fcstet mit gen\u00fcgend Speicher, umfangreichen Kommunikationskan\u00e4len wie Ethernet (TCP, UDP und S7-Kommunikation), Modbus-TCP und -RTU, CANopen sowie RS232 und RS485 und optional Profibus DP-Master\/-Slave bzw. Profinet IO Controller. Sonderfunktionsbausteine und eine kostenlose Remote-Visualisierung erlauben umfangreiche Mehrfunktionen ohne Mehrbudget, alles unter S7. Mit Onboard- und\/oder dezentraler Peripherie in feinen Abstufungen. Ausf\u00fchrung in robusten und EMV-festen Metallgeh\u00e4usen f\u00fcr den Temperaturbereich von -20\u2026+60\u00b0C und auf Wunsch gelabelt mit Ihrem Logo. Ein wirkungsvoller Kopierschutz durch Leseschutz ist onboard m\u00f6glich ohne Mehrkosten.<\/p>\n<h2 style=\"text-align: center;\">Anwendungen mit Kompakt-SPS<\/h2>\n\n<h2 style=\"text-align: center;\">Downloads f\u00fcr Produktgruppe<\/h2>\n<p><a href=\"https:\/\/www.insevis.de\/wp-content\/uploads\/Manual_KompaktSPS_D.pdf\" target=\"_blank\"><\/a><\/p>\n<p style=\"\">Handbuch Kompakt-SPS<\/p>\n<p style=\"\">F\u00fcr alle INSEVIS-Panel-SPSen, Rev. 01\/2023<\/p>\n<p><a href=\"https:\/\/www.insevis.de\/wp-content\/uploads\/Z_Kompakt-SPS_D.pdf\" target=\"_blank\"><\/a><\/p>\n<p style=\"\">Zubeh\u00f6r Kompakt-SPS<\/p>\n<p style=\"\">F\u00fcr alle INSEVIS-Panel-SPSen, Rev. 01\/2023<\/p>\n<p><a href=\"https:\/\/www.insevis.de\/anfrage\/\" target=\"_blank\"><\/a><\/p>\n<p style=\"\">Meine Anfrage (Link zu anderer Seite)<\/p>\n<p style=\"\">F\u00fcr alle INSEVIS-Panel-SPSen, Rev. 01\/2023<\/p>\n<h2 style=\"text-align: center;\">Downloads f\u00fcr Produktgruppe<\/h2>\n<p><a href=\"https:\/\/www.insevis.de\/wp-content\/uploads\/Manual_KompaktSPS_E.pdf\" target=\"_blank\"><\/a><\/p>\n<p style=\"\">Handbuch Kompakt-SPS<\/p>\n<p style=\"\">F\u00fcr alle INSEVIS-Panel-SPSen, Rev. 01\/2023<\/p>\n<p><a href=\"https:\/\/www.insevis.de\/wp-content\/uploads\/Z_Kompakt-SPS_E.pdf\" target=\"_blank\"><\/a><\/p>\n<p style=\"\">Zubeh\u00f6r Kompakt-SPS<\/p>\n<p style=\"\">F\u00fcr alle INSEVIS-Panel-SPSen, Rev. 01\/2023<\/p>\n<p><a href=\"https:\/\/www.insevis.de\/anfrage\/\" target=\"_blank\"><\/a><\/p>\n<p style=\"\">Meine Anfrage (Link zu anderer Seite)<\/p>\n<p style=\"\">F\u00fcr alle INSEVIS-Panel-SPSen, Rev. 01\/2023<\/p>\n","protected":false},"excerpt":{"rendered":"<p>Produktfamilie Kompakt-SPS S7-Hutschienen-Steuerungen mit Onboard-Vorsprung Diese S7-SPS sind programmierbar in STEP\u00ae7 mit dem SimaticManager oder dem TIA-Portal\u00ae von Siemens. Ausger\u00fcstet mit gen\u00fcgend Speicher, umfangreichen Kommunikationskan\u00e4len wie Ethernet (TCP, UDP und S7-Kommunikation), Modbus-TCP und -RTU, CANopen sowie RS232 und RS485 und optional Profibus DP-Master\/-Slave bzw. Profinet IO Controller. Sonderfunktionsbausteine und eine kostenlose Remote-Visualisierung erlauben umfangreiche Mehrfunktionen [&hellip;]<\/p>\n","protected":false},"author":5,"featured_media":0,"parent":0,"menu_order":0,"comment_status":"closed","ping_status":"closed","template":"","meta":{"footnotes":""},"class_list":["post-138","page","type-page","status-publish","hentry","post-wrapper","thrv_wrapper"],"_links":{"self":[{"href":"https:\/\/www.insevis.de\/de\/wp-json\/wp\/v2\/pages\/138","targetHints":{"allow":["GET"]}}],"collection":[{"href":"https:\/\/www.insevis.de\/de\/wp-json\/wp\/v2\/pages"}],"about":[{"href":"https:\/\/www.insevis.de\/de\/wp-json\/wp\/v2\/types\/page"}],"author":[{"embeddable":true,"href":"https:\/\/www.insevis.de\/de\/wp-json\/wp\/v2\/users\/5"}],"replies":[{"embeddable":true,"href":"https:\/\/www.insevis.de\/de\/wp-json\/wp\/v2\/comments?post=138"}],"version-history":[{"count":10,"href":"https:\/\/www.insevis.de\/de\/wp-json\/wp\/v2\/pages\/138\/revisions"}],"predecessor-version":[{"id":3657,"href":"https:\/\/www.insevis.de\/de\/wp-json\/wp\/v2\/pages\/138\/revisions\/3657"}],"wp:attachment":[{"href":"https:\/\/www.insevis.de\/de\/wp-json\/wp\/v2\/media?parent=138"}],"curies":[{"name":"wp","href":"https:\/\/api.w.org\/{rel}","templated":true}]}}