{"id":123,"date":"2023-11-07T09:27:20","date_gmt":"2023-11-07T09:27:20","guid":{"rendered":"https:\/\/relaunch.insevis.de\/?page_id=123"},"modified":"2026-03-26T13:12:03","modified_gmt":"2026-03-26T13:12:03","slug":"unternehmen","status":"publish","type":"page","link":"https:\/\/www.insevis.de\/de\/unternehmen\/","title":{"rendered":"Unternehmen"},"content":{"rendered":"<h2 style=\"text-align: center;\">\u00dcber uns<\/h2>\n<h2 style=\"\"><span style=\"font-size: 15px !important; --tcb-applied-color: rgb(102, 102, 102)   !important; color: rgb(102, 102, 102) !important;\">Die INSEVIS-Produktpalette ist ein Resultat jahrelanger, gr\u00fcndlicher Entwicklungen und Tests. Sie erm\u00f6glicht die besonders einfache und \u00e4u\u00dferst wirtschaftliche Realisierung einer durchgehenden Steuerungsl\u00f6sung f\u00fcr kleine und mittlere Anwendungen im S7-Sprachraum mit den S7-Programmiertools von Siemens. Somit muss kein Kunde ganz auf INSEVIS umsteigen \u2013 er ist frei, parallel auch immer Siemens-Produkte einzusetzen, wenn er es muss.<\/span><\/h2>\n<p style=\"\"><span style=\"color: rgb(102, 102, 102) !important;\"><span style=\"--tcb-applied-color: rgb(102, 102, 102) !important;\"><span style=\"font-size: 15px !important;\"><br \/>Wer INSEVIS einsetzt, macht sich unabh\u00e4ngiger und generiert Nachfolgegesch\u00e4fte. Unsere-Kunden sch\u00e4tzen den schnellen und direkten Service und die kostenlosen Sonderfunktionen der Software \u2013 wie vollkommen kostenlose Remote-Visualisierungen. Nutzen bieten, wo immer es geht \u2013 ohne immer zuerst an sich selbst zu denken \u2013 das verstehen wir unter Partnerschaft.<\/span><\/span><\/span><\/p>\n<p style=\"\"><span style=\"font-size: 15px !important; --tcb-applied-color: rgb(102, 102, 102)   !important; color: rgb(102, 102, 102) !important;\"><br \/>Kurze Lieferketten, deutsche Fertigung und Flexibilit\u00e4t bis zum letzten Chip \u2013 das Ergebnis ist QUALIT\u00c4T und VERL\u00c4SSLICHKEIT ihres Steuerungslieferanten. Kaum ein Lieferant hat dies w\u00e4hrend Corona- und Halbleiterkrise so deutlich nachgewiesen, wie INSEVIS. Noch nicht INSEVIS-Kunde? Dann ist es Zeit, seine Lieferantenstruktur um eine verl\u00e4ssliche 2nd Source zu erweitern.<\/span><\/p>\n<p><span><img decoding=\"async\" alt=\"\" data-id=\"1313\" width=\"1170\" data-init-width=\"1590\" height=\"99\" data-init-height=\"135\" title=\"Schriftzug\" loading=\"lazy\" src=\"\/\/www.insevis.de\/wp-content\/uploads\/2024\/06\/Schriftzug.png\" data-width=\"1170\" data-height=\"99\" style=\"aspect-ratio: auto 1590 \/ 135;\"><\/span><\/p>\n<h5 style=\"\">Unsere Kunden<\/h5>\n<p style=\"\">INSEVIS-Kunden sind vor allem Fachleute, die eine L\u00f6sung zur nachhaltigen Sicherung ihres Produkterfolges suchen. Eine L\u00f6sung, die Durchf\u00fchrung weltweiter Projekte erlaubt aber trotzdem individuell abgesichert ist. Damit sie auch morgen von Ihrer Arbeit von heute leben k\u00f6nnen.<\/p>\n<h5 style=\"\">Unsere Philosophie<br \/><\/h5>\n<p>Denke nach \u2013 Arbeite hart \u2013 Bleibe unabh\u00e4ngig. Wir besch\u00e4ftigen keine Entertainer, sondern Fachleute \u2013 Spezialisten auf ihrem Gebiet mit Hang zur Akribie. Made in Germany ist f\u00fcr uns Verpflichtung, alles dem unbedingten Qualit\u00e4tswillen unterzuordnen. Wir steigern die Wirtschaftlichkeit und Unabh\u00e4ngigkeit unserer Kunden.<\/p>\n<h2 style=\"text-align: center;\">Karriere<\/h2>\n<p><span style=\"font-size: 15px !important;\">Du m\u00f6chtest in einem Unternehmen mit funktionierendem Teamplay und kurzen Abstimmungswegen agieren, eigene Ideen einbringen und Innovationen vorantreiben? Wir suchen Menschen, die Freude daran haben, sich einzubringen und gemeinsam erfolgreich zu sein.<br \/>Bei INSEVIS bist du Teil eines innovativen und motivierten Teams vonTechnikern und Ingenieuren. T\u00e4glich meistern wir gemeinsam die Herausforderungen &nbsp;der Automatisierungstechnik.<\/span><\/p>\n<p><span style=\"font-size: 15px !important;\">Das klingt spannend? Dann bewirb Dich bei uns!<\/span><\/p>\n<h5>Initiativbewerbung<\/h5>\n<p style=\"\"><span>Sie m\u00f6chten gerne bei uns anfangen und haben keine passende Stelle auf unserer Homepage gefunden?<br \/>Kein Problem! Sie k\u00f6nnen sich auch gerne initiativ bei uns bewerben.<\/span><\/p>\n<h5>\u00dcber uns<\/h5>\n<li>Seit Firmengr\u00fcndung 2011 bieten wir sichere Arbeitspl\u00e4tze, flache Hierarchien sowie ein kollegiales und pers\u00f6nliches Miteinander<\/li>\n<li>Wir legen Wert auf individuelle Gestaltung des Arbeitsverh\u00e4ltnisses<\/li>\n<h2 style=\"text-align: center;\">Nachhaltigkeit<\/h2>\n<h5>Reparierbarkeit<\/h5>\n<p style=\"\"><span>INSEVIS hat sich die Selbstverpflicht- ung auferlegt, Produkte herzustellen, die bei Besch\u00e4digung auch repariert werden k\u00f6nnen. Die zu uns eingesen- deten Ger\u00e4te werden gepr\u00fcft, de- fekte Displays oder Komponenten werden ausgetauscht, anstatt das gesamte Produkt zu ersetzen.<\/span><\/p>\n<p><a href=\"https:\/\/www.insevis.de\/wp-content\/uploads\/Entsorgung_D.pdf\" target=\"_blank\"><\/a><\/p>\n<h5>WEEE-Registrierung<\/h5>\n<p tve-droppable\"=\"\" \"=\"\">Was ist mit Ger\u00e4ten, deren Lebensdauer abgelaufen ist, zu tun? In der EU sind Elektroprodukte die am st\u00e4rksten wachsende Abfallart, und obwohl viele Elektroprodukte recycelt werden k\u00f6nnten, geschieht dies nur selten.<\/p>\n<h2 style=\"text-align: center;\">Nachhaltigkeit<\/h2>\n<h5>Reparierbarkeit<\/h5>\n<p style=\"\"><span>INSEVIS hat sich die Selbstverpflicht- ung auferlegt, Produkte herzustellen, die bei Besch\u00e4digung auch repariert werden k\u00f6nnen. Die zu uns eingesen- deten Ger\u00e4te werden gepr\u00fcft, de- fekte Displays oder Komponenten werden ausgetauscht, anstatt das gesamte Produkt zu ersetzen.<\/span><\/p>\n<p><a href=\"https:\/\/www.insevis.de\/wp-content\/uploads\/Entsorgung_E.pdf\" target=\"_blank\"><\/a><\/p>\n<h5>WEEE-Registrierung<\/h5>\n<p tve-droppable\"=\"\" \"=\"\">Was ist mit Ger\u00e4ten, deren Lebensdauer abgelaufen ist, zu tun? In der EU sind Elektroprodukte die am st\u00e4rksten wachsende Abfallart, und obwohl viele Elektroprodukte recycelt werden k\u00f6nnten, geschieht dies nur selten.<\/p>\n","protected":false},"excerpt":{"rendered":"<p>\u00dcber uns Die INSEVIS-Produktpalette ist ein Resultat jahrelanger, gr\u00fcndlicher Entwicklungen und Tests. Sie erm\u00f6glicht die besonders einfache und \u00e4u\u00dferst wirtschaftliche Realisierung einer durchgehenden Steuerungsl\u00f6sung f\u00fcr kleine und mittlere Anwendungen im S7-Sprachraum mit den S7-Programmiertools von Siemens. Somit muss kein Kunde ganz auf INSEVIS umsteigen \u2013 er ist frei, parallel auch immer Siemens-Produkte einzusetzen, wenn er [&hellip;]<\/p>\n","protected":false},"author":5,"featured_media":0,"parent":0,"menu_order":0,"comment_status":"closed","ping_status":"closed","template":"","meta":{"footnotes":""},"class_list":["post-123","page","type-page","status-publish","hentry","post-wrapper","thrv_wrapper"],"_links":{"self":[{"href":"https:\/\/www.insevis.de\/de\/wp-json\/wp\/v2\/pages\/123","targetHints":{"allow":["GET"]}}],"collection":[{"href":"https:\/\/www.insevis.de\/de\/wp-json\/wp\/v2\/pages"}],"about":[{"href":"https:\/\/www.insevis.de\/de\/wp-json\/wp\/v2\/types\/page"}],"author":[{"embeddable":true,"href":"https:\/\/www.insevis.de\/de\/wp-json\/wp\/v2\/users\/5"}],"replies":[{"embeddable":true,"href":"https:\/\/www.insevis.de\/de\/wp-json\/wp\/v2\/comments?post=123"}],"version-history":[{"count":10,"href":"https:\/\/www.insevis.de\/de\/wp-json\/wp\/v2\/pages\/123\/revisions"}],"predecessor-version":[{"id":3717,"href":"https:\/\/www.insevis.de\/de\/wp-json\/wp\/v2\/pages\/123\/revisions\/3717"}],"wp:attachment":[{"href":"https:\/\/www.insevis.de\/de\/wp-json\/wp\/v2\/media?parent=123"}],"curies":[{"name":"wp","href":"https:\/\/api.w.org\/{rel}","templated":true}]}}